{"id":44,"date":"2025-02-16T16:51:04","date_gmt":"2025-02-16T16:51:04","guid":{"rendered":"https:\/\/newurbanhabits.com\/?page_id=44"},"modified":"2026-05-10T16:17:10","modified_gmt":"2026-05-10T14:17:10","slug":"acasa","status":"publish","type":"page","link":"https:\/\/newurbanhabits.com\/ro\/","title":{"rendered":"new Urban Habits"},"content":{"rendered":"\t\t<div data-elementor-type=\"wp-page\" data-elementor-id=\"44\" class=\"elementor elementor-44\" data-elementor-post-type=\"page\">\n\t\t\t\t<div class=\"elementor-element elementor-element-3bd7f8a e-con-full e-flex e-con e-parent\" data-id=\"3bd7f8a\" data-element_type=\"container\" data-e-type=\"container\" data-settings=\"{&quot;background_background&quot;:&quot;classic&quot;,&quot;background_motion_fx_motion_fx_scrolling&quot;:&quot;yes&quot;,&quot;background_motion_fx_devices&quot;:[&quot;desktop&quot;,&quot;tablet&quot;,&quot;mobile&quot;]}\">\n\t\t<div class=\"elementor-element elementor-element-cbec95a e-flex e-con-boxed e-con e-child\" data-id=\"cbec95a\" data-element_type=\"container\" data-e-type=\"container\">\n\t\t\t\t\t<div class=\"e-con-inner\">\n\t\t<div class=\"elementor-element elementor-element-c1e4bfa e-con-full e-flex e-con e-child\" data-id=\"c1e4bfa\" data-element_type=\"container\" data-e-type=\"container\">\n\t\t\t\t<div class=\"elementor-element elementor-element-2262e0c elementor-widget elementor-widget-heading\" data-id=\"2262e0c\" data-element_type=\"widget\" data-e-type=\"widget\" data-widget_type=\"heading.default\">\n\t\t\t\t<div class=\"elementor-widget-container\">\n\t\t\t\t\t<h2 class=\"elementor-heading-title elementor-size-default\">Amfiteatrul Mihai Eminescu<\/h2>\t\t\t\t<\/div>\n\t\t\t\t<\/div>\n\t\t\t\t<div class=\"elementor-element elementor-element-5ba448c elementor-widget elementor-widget-heading\" data-id=\"5ba448c\" data-element_type=\"widget\" data-e-type=\"widget\" data-widget_type=\"heading.default\">\n\t\t\t\t<div class=\"elementor-widget-container\">\n\t\t\t\t\t<h2 class=\"elementor-heading-title elementor-size-default\">20\u201321 Iunie 2026<\/h2>\t\t\t\t<\/div>\n\t\t\t\t<\/div>\n\t\t\t\t<\/div>\n\t\t\t\t<div class=\"elementor-element elementor-element-605ae16 elementor-widget__width-initial elementor-widget elementor-widget-image\" data-id=\"605ae16\" data-element_type=\"widget\" data-e-type=\"widget\" data-widget_type=\"image.default\">\n\t\t\t\t<div class=\"elementor-widget-container\">\n\t\t\t\t\t\t\t\t\t\t\t\t\t\t\t<img fetchpriority=\"high\" decoding=\"async\" width=\"693\" height=\"360\" src=\"https:\/\/newurbanhabits.com\/wp-content\/uploads\/2026\/05\/logo-nuh.svg\" class=\"attachment-full size-full wp-image-2715\" alt=\"\" \/>\t\t\t\t\t\t\t\t\t\t\t\t\t\t\t<\/div>\n\t\t\t\t<\/div>\n\t\t<div class=\"elementor-element elementor-element-5f9cbf6 e-con-full e-flex e-con e-child\" data-id=\"5f9cbf6\" data-element_type=\"container\" data-e-type=\"container\">\n\t\t\t\t<div class=\"elementor-element elementor-element-f27634b elementor-widget elementor-widget-heading\" data-id=\"f27634b\" data-element_type=\"widget\" data-e-type=\"widget\" data-widget_type=\"heading.default\">\n\t\t\t\t<div class=\"elementor-widget-container\">\n\t\t\t\t\t<h2 class=\"elementor-heading-title elementor-size-default\">Primul festival dedicat viitorului urban<\/h2>\t\t\t\t<\/div>\n\t\t\t\t<\/div>\n\t\t\t\t<div class=\"elementor-element elementor-element-b8b12fc elementor-widget elementor-widget-heading\" data-id=\"b8b12fc\" data-element_type=\"widget\" data-e-type=\"widget\" data-widget_type=\"heading.default\">\n\t\t\t\t<div class=\"elementor-widget-container\">\n\t\t\t\t\t<h2 class=\"elementor-heading-title elementor-size-default\">Dou\u0103 zile de conversa\u021bii, workshopuri, art\u0103, film \u0219i muzic\u0103 despre felul \u00een care locuim, model\u0103m \u0219i imagin\u0103m ora\u0219ul.<\/h2>\t\t\t\t<\/div>\n\t\t\t\t<\/div>\n\t\t\t\t<\/div>\n\t\t\t\t\t<\/div>\n\t\t\t\t<\/div>\n\t\t\t\t<\/div>\n\t\t<div class=\"elementor-element elementor-element-362713a e-flex e-con-boxed e-con e-parent\" data-id=\"362713a\" data-element_type=\"container\" data-e-type=\"container\" id=\"manifest\" data-settings=\"{&quot;background_background&quot;:&quot;classic&quot;,&quot;animation&quot;:&quot;none&quot;}\">\n\t\t\t\t\t<div class=\"e-con-inner\">\n\t\t<div class=\"elementor-element elementor-element-7c71c3e e-con-full e-flex e-con e-child\" data-id=\"7c71c3e\" data-element_type=\"container\" data-e-type=\"container\">\n\t\t\t\t<div class=\"elementor-element elementor-element-bc70757 animated-slow elementor-invisible elementor-widget elementor-widget-heading\" data-id=\"bc70757\" data-element_type=\"widget\" data-e-type=\"widget\" data-settings=\"{&quot;_animation&quot;:&quot;slideInUp&quot;}\" data-widget_type=\"heading.default\">\n\t\t\t\t<div class=\"elementor-widget-container\">\n\t\t\t\t\t<h3 class=\"elementor-heading-title elementor-size-default\">Un festival pentru ora\u0219ul care se schimb\u0103 prin oameni.<\/h3>\t\t\t\t<\/div>\n\t\t\t\t<\/div>\n\t\t\t\t<\/div>\n\t\t<div class=\"elementor-element elementor-element-e979d0f e-con-full e-flex e-con e-child\" data-id=\"e979d0f\" data-element_type=\"container\" data-e-type=\"container\">\n\t\t\t\t<div class=\"elementor-element elementor-element-301df2b elementor-widget-tablet__width-initial elementor-widget__width-initial elementor-invisible elementor-widget elementor-widget-text-editor\" data-id=\"301df2b\" data-element_type=\"widget\" data-e-type=\"widget\" data-settings=\"{&quot;_animation&quot;:&quot;fadeIn&quot;}\" data-widget_type=\"text-editor.default\">\n\t\t\t\t<div class=\"elementor-widget-container\">\n\t\t\t\t\t\t\t\t\t<p data-i18n=\"intro.copy1\">nUH aduce \u00eempreun\u0103 comunit\u0103\u021bi, exper\u021bi, creatori, institu\u021bii \u0219i familii \u00eentr-un format deschis, construit \u00een jurul \u00eentreb\u0103rilor care modeleaz\u0103 via\u021ba urban\u0103.<\/p><p data-i18n=\"intro.copy2\">Edi\u021bia 2026 combin\u0103 UrbanTalks, mese rotunde, ateliere practice, expozi\u021bii, proiec\u021bii de film \u0219i interven\u021bii artistice \u00eentr-un singur weekend la Amfiteatrul Mihai Eminescu.<\/p>\t\t\t\t\t\t\t\t<\/div>\n\t\t\t\t<\/div>\n\t\t\t\t<\/div>\n\t\t\t\t\t<\/div>\n\t\t\t\t<\/div>\n\t\t<div class=\"elementor-element elementor-element-f475877 e-flex e-con-boxed e-con e-parent\" data-id=\"f475877\" data-element_type=\"container\" data-e-type=\"container\" data-settings=\"{&quot;background_background&quot;:&quot;classic&quot;,&quot;animation&quot;:&quot;none&quot;}\">\n\t\t\t\t\t<div class=\"e-con-inner\">\n\t\t<div class=\"elementor-element elementor-element-9784b6f e-con-full e-flex e-con e-child\" data-id=\"9784b6f\" data-element_type=\"container\" data-e-type=\"container\" data-settings=\"{&quot;background_background&quot;:&quot;classic&quot;}\">\n\t\t\t\t<div class=\"elementor-element elementor-element-586d79d elementor-widget elementor-widget-image\" data-id=\"586d79d\" data-element_type=\"widget\" data-e-type=\"widget\" data-widget_type=\"image.default\">\n\t\t\t\t<div class=\"elementor-widget-container\">\n\t\t\t\t\t\t\t\t\t\t\t\t\t\t\t<img decoding=\"async\" width=\"311\" height=\"148\" src=\"https:\/\/newurbanhabits.com\/wp-content\/uploads\/2026\/05\/educate.svg\" class=\"attachment-large size-large wp-image-2695\" alt=\"\" \/>\t\t\t\t\t\t\t\t\t\t\t\t\t\t\t<\/div>\n\t\t\t\t<\/div>\n\t\t\t\t<div class=\"elementor-element elementor-element-78352ee animated-slow elementor-invisible elementor-widget elementor-widget-heading\" data-id=\"78352ee\" data-element_type=\"widget\" data-e-type=\"widget\" data-settings=\"{&quot;_animation&quot;:&quot;slideInUp&quot;}\" data-widget_type=\"heading.default\">\n\t\t\t\t<div class=\"elementor-widget-container\">\n\t\t\t\t\t<h3 class=\"elementor-heading-title elementor-size-default\">UrbanTalks, workshopuri \u0219i discu\u021bii aplicate despre cartiere, patrimoniu, clim\u0103 \u0219i mobilitate.<\/h3>\t\t\t\t<\/div>\n\t\t\t\t<\/div>\n\t\t\t\t<\/div>\n\t\t<div class=\"elementor-element elementor-element-57e4ae2 e-con-full e-flex e-con e-child\" data-id=\"57e4ae2\" data-element_type=\"container\" data-e-type=\"container\" data-settings=\"{&quot;background_background&quot;:&quot;classic&quot;}\">\n\t\t\t\t<div class=\"elementor-element elementor-element-a4dacce elementor-widget elementor-widget-image\" data-id=\"a4dacce\" data-element_type=\"widget\" data-e-type=\"widget\" data-widget_type=\"image.default\">\n\t\t\t\t<div class=\"elementor-widget-container\">\n\t\t\t\t\t\t\t\t\t\t\t\t\t\t\t<img decoding=\"async\" width=\"282\" height=\"176\" src=\"https:\/\/newurbanhabits.com\/wp-content\/uploads\/2026\/05\/inspire.svg\" class=\"attachment-large size-large wp-image-2696\" alt=\"\" \/>\t\t\t\t\t\t\t\t\t\t\t\t\t\t\t<\/div>\n\t\t\t\t<\/div>\n\t\t\t\t<div class=\"elementor-element elementor-element-6886d03 animated-slow elementor-invisible elementor-widget elementor-widget-heading\" data-id=\"6886d03\" data-element_type=\"widget\" data-e-type=\"widget\" data-settings=\"{&quot;_animation&quot;:&quot;slideInUp&quot;}\" data-widget_type=\"heading.default\">\n\t\t\t\t<div class=\"elementor-widget-container\">\n\t\t\t\t\t<h3 class=\"elementor-heading-title elementor-size-default\">Art\u0103 new media, expozi\u021bii, film, muzic\u0103 \u0219i exemple interna\u021bionale de ora\u0219e mai locuibile.<\/h3>\t\t\t\t<\/div>\n\t\t\t\t<\/div>\n\t\t\t\t<\/div>\n\t\t<div class=\"elementor-element elementor-element-61c161d e-con-full e-flex e-con e-child\" data-id=\"61c161d\" data-element_type=\"container\" data-e-type=\"container\" data-settings=\"{&quot;background_background&quot;:&quot;classic&quot;}\">\n\t\t\t\t<div class=\"elementor-element elementor-element-40eab34 elementor-widget elementor-widget-image\" data-id=\"40eab34\" data-element_type=\"widget\" data-e-type=\"widget\" data-widget_type=\"image.default\">\n\t\t\t\t<div class=\"elementor-widget-container\">\n\t\t\t\t\t\t\t\t\t\t\t\t\t\t\t<img loading=\"lazy\" decoding=\"async\" width=\"311\" height=\"148\" src=\"https:\/\/newurbanhabits.com\/wp-content\/uploads\/2026\/05\/connect.svg\" class=\"attachment-large size-large wp-image-2694\" alt=\"\" \/>\t\t\t\t\t\t\t\t\t\t\t\t\t\t\t<\/div>\n\t\t\t\t<\/div>\n\t\t\t\t<div class=\"elementor-element elementor-element-4fe01da animated-slow elementor-invisible elementor-widget elementor-widget-heading\" data-id=\"4fe01da\" data-element_type=\"widget\" data-e-type=\"widget\" data-settings=\"{&quot;_animation&quot;:&quot;slideInUp&quot;}\" data-widget_type=\"heading.default\">\n\t\t\t\t<div class=\"elementor-widget-container\">\n\t\t\t\t\t<h3 class=\"elementor-heading-title elementor-size-default\">\u00cent\u00e2lniri \u00eentre comunit\u0103\u021bi, administra\u021bie, mediul creativ \u0219i publicul care vrea s\u0103 participe.<\/h3>\t\t\t\t<\/div>\n\t\t\t\t<\/div>\n\t\t\t\t<\/div>\n\t\t<div class=\"elementor-element elementor-element-77bb029 e-con-full e-flex e-con e-child\" data-id=\"77bb029\" data-element_type=\"container\" data-e-type=\"container\" data-settings=\"{&quot;background_background&quot;:&quot;classic&quot;}\">\n\t\t\t\t<div class=\"elementor-element elementor-element-f94a7b8 elementor-widget__width-initial elementor-widget elementor-widget-heading\" data-id=\"f94a7b8\" data-element_type=\"widget\" data-e-type=\"widget\" data-widget_type=\"heading.default\">\n\t\t\t\t<div class=\"elementor-widget-container\">\n\t\t\t\t\t<h3 class=\"elementor-heading-title elementor-size-default\">Dou\u0103 zile, mai multe ritmuri ale ora\u0219ului.<\/h3>\t\t\t\t<\/div>\n\t\t\t\t<\/div>\n\t\t\t\t<div class=\"elementor-element elementor-element-1bf0fc5 elementor-align-justify elementor-widget__width-initial elementor-widget elementor-widget-button\" data-id=\"1bf0fc5\" data-element_type=\"widget\" data-e-type=\"widget\" data-widget_type=\"button.default\">\n\t\t\t\t<div class=\"elementor-widget-container\">\n\t\t\t\t\t\t\t\t\t<div class=\"elementor-button-wrapper\">\n\t\t\t\t\t<a class=\"elementor-button elementor-button-link elementor-size-sm\" href=\"#\">\n\t\t\t\t\t\t<span class=\"elementor-button-content-wrapper\">\n\t\t\t\t\t\t\t\t\t<span class=\"elementor-button-text\">AGENDA<\/span>\n\t\t\t\t\t<\/span>\n\t\t\t\t\t<\/a>\n\t\t\t\t<\/div>\n\t\t\t\t\t\t\t\t<\/div>\n\t\t\t\t<\/div>\n\t\t<div class=\"elementor-element elementor-element-713424b e-con-full e-flex e-con e-child\" data-id=\"713424b\" data-element_type=\"container\" data-e-type=\"container\">\n\t\t\t\t<div class=\"elementor-element elementor-element-ca840b1 e-con e-atomic-element e-flexbox-base\" data-id=\"ca840b1\" data-element_type=\"e-flexbox\" data-e-type=\"e-flexbox\" data-interaction-id=\"ca840b1\">\n\t\t\t\t<\/div>\n\t\t\t\t<\/div>\n\t\t\t\t<\/div>\n\t\t\t\t\t<\/div>\n\t\t\t\t<\/div>\n\t\t<div class=\"elementor-element elementor-element-7d039be e-flex e-con-boxed e-con e-parent\" data-id=\"7d039be\" data-element_type=\"container\" data-e-type=\"container\" id=\"contact\" data-settings=\"{&quot;background_background&quot;:&quot;classic&quot;}\">\n\t\t\t\t\t<div class=\"e-con-inner\">\n\t\t<div class=\"elementor-element elementor-element-76a5090 e-con-full e-flex e-con e-child\" data-id=\"76a5090\" data-element_type=\"container\" data-e-type=\"container\">\n\t\t\t\t<div class=\"elementor-element elementor-element-1dc37031 animated-slow elementor-invisible elementor-widget elementor-widget-heading\" data-id=\"1dc37031\" data-element_type=\"widget\" data-e-type=\"widget\" id=\"contact\" data-settings=\"{&quot;_animation&quot;:&quot;slideInUp&quot;}\" data-widget_type=\"heading.default\">\n\t\t\t\t<div class=\"elementor-widget-container\">\n\t\t\t\t\t<h3 class=\"elementor-heading-title elementor-size-default\">Ai \u00eentreb\u0103ri despre festival?<\/h3>\t\t\t\t<\/div>\n\t\t\t\t<\/div>\n\t\t<div class=\"elementor-element elementor-element-4ff65dd e-con-full e-flex e-con e-child\" data-id=\"4ff65dd\" data-element_type=\"container\" data-e-type=\"container\">\n\t\t\t\t<div class=\"elementor-element elementor-element-5d1c3149 elementor-mobile-align-justify elementor-align-justify elementor-widget elementor-widget-button\" data-id=\"5d1c3149\" data-element_type=\"widget\" data-e-type=\"widget\" data-widget_type=\"button.default\">\n\t\t\t\t<div class=\"elementor-widget-container\">\n\t\t\t\t\t\t\t\t\t<div class=\"elementor-button-wrapper\">\n\t\t\t\t\t<a class=\"elementor-button elementor-button-link elementor-size-sm\" href=\"mailto:contact@newurbanhabits.com?subject=\u00censcriere%20New%20Urban%20Habits&#038;body=Bun\u0103,%0D%0AA\u0219%20dori%20mai%20multe%20detalii%20despre%20eveniment.\">\n\t\t\t\t\t\t<span class=\"elementor-button-content-wrapper\">\n\t\t\t\t\t\t\t\t\t<span class=\"elementor-button-text\">Trimite-ne mesaj!<\/span>\n\t\t\t\t\t<\/span>\n\t\t\t\t\t<\/a>\n\t\t\t\t<\/div>\n\t\t\t\t\t\t\t\t<\/div>\n\t\t\t\t<\/div>\n\t\t\t\t<\/div>\n\t\t\t\t<\/div>\n\t\t\t\t\t<\/div>\n\t\t\t\t<\/div>\n\t\t\t\t<\/div>\n\t\t","protected":false},"excerpt":{"rendered":"<p>Primul festival dedicat viitorului urban.<\/p>\n","protected":false},"author":1,"featured_media":1651,"parent":0,"menu_order":0,"comment_status":"closed","ping_status":"closed","template":"","meta":{"footnotes":""},"class_list":["post-44","page","type-page","status-publish","has-post-thumbnail","hentry"],"_links":{"self":[{"href":"https:\/\/newurbanhabits.com\/ro\/wp-json\/wp\/v2\/pages\/44","targetHints":{"allow":["GET"]}}],"collection":[{"href":"https:\/\/newurbanhabits.com\/ro\/wp-json\/wp\/v2\/pages"}],"about":[{"href":"https:\/\/newurbanhabits.com\/ro\/wp-json\/wp\/v2\/types\/page"}],"author":[{"embeddable":true,"href":"https:\/\/newurbanhabits.com\/ro\/wp-json\/wp\/v2\/users\/1"}],"replies":[{"embeddable":true,"href":"https:\/\/newurbanhabits.com\/ro\/wp-json\/wp\/v2\/comments?post=44"}],"version-history":[{"count":5,"href":"https:\/\/newurbanhabits.com\/ro\/wp-json\/wp\/v2\/pages\/44\/revisions"}],"predecessor-version":[{"id":2720,"href":"https:\/\/newurbanhabits.com\/ro\/wp-json\/wp\/v2\/pages\/44\/revisions\/2720"}],"wp:featuredmedia":[{"embeddable":true,"href":"https:\/\/newurbanhabits.com\/ro\/wp-json\/wp\/v2\/media\/1651"}],"wp:attachment":[{"href":"https:\/\/newurbanhabits.com\/ro\/wp-json\/wp\/v2\/media?parent=44"}],"curies":[{"name":"wp","href":"https:\/\/api.w.org\/{rel}","templated":true}]}}